{"id":106,"date":"2023-06-27T16:59:46","date_gmt":"2023-06-27T14:59:46","guid":{"rendered":"http:\/\/mcsadm"},"modified":"2025-11-08T23:28:28","modified_gmt":"2025-11-08T22:28:28","slug":"programme-prise-de-masse-homme","status":"publish","type":"product","link":"https:\/\/mc-coach-sportif-bordeaux.fr\/index.php\/produit\/programme-prise-de-masse-homme\/","title":{"rendered":"Programme prise de masse homme"},"content":{"rendered":"<p>Vous \u00eates un homme \u00e0 la recherche d&#8217;un programme sur mesure sp\u00e9cialement con\u00e7u pour vous aider \u00e0 d\u00e9velopper votre masse musculaire et \u00e0 gagner en puissance ? Ne cherchez pas plus loin ! MC Coach Sportif, dirig\u00e9 par Mathieu Caron, bas\u00e9 \u00e0 Bordeaux, propose un programme de prise de masse personnalis\u00e9 adapt\u00e9 \u00e0 vos besoins sp\u00e9cifiques.<\/p>\n<p>Notre programme exclusivement d\u00e9di\u00e9 aux hommes vous permettra de d\u00e9velopper des muscles plus volumineux et plus forts en un minimum de temps. Gr\u00e2ce \u00e0 un entra\u00eenement cibl\u00e9 et \u00e0 une alimentation adapt\u00e9e, vous serez en mesure d&#8217;atteindre vos objectifs de renforcement musculaire.<\/p>\n<p>Nos s\u00e9ances d&#8217;entra\u00eenement sont sp\u00e9cifiquement con\u00e7ues pour les hommes, mettant l&#8217;accent sur des exercices de musculation intensifs ciblant les principaux groupes musculaires. Nous vous accompagnerons tout au long du processus pour vous assurer d&#8217;obtenir les meilleurs r\u00e9sultats et de progresser efficacement.<\/p>\n<p>En suivant notre programme, vous b\u00e9n\u00e9ficierez \u00e9galement d&#8217;une alimentation \u00e9quilibr\u00e9e, riche en nutriments essentiels. Cela vous permettra de maximiser vos r\u00e9sultats et de favoriser la croissance musculaire de mani\u00e8re naturelle et saine.<\/p>\n<p>Ne manquez pas cette opportunit\u00e9 de devenir plus fort et de sculpter votre physique comme jamais auparavant. Essayez d\u00e8s aujourd&#8217;hui notre programme de prise de masse exclusivement con\u00e7u pour les hommes et transformez votre corps en un temple de force et de puissance !<\/p>\n<p>Contactez-nous d\u00e8s maintenant pour obtenir plus d&#8217;informations et pour commencer votre parcours vers une version plus muscl\u00e9e et plus puissante de vous-m\u00eame. Avec notre programme et notre soutien, vous atteindrez vos objectifs de prise de masse et vous \u00e9panouirez dans votre corps avec confiance et d\u00e9termination.<\/p>\n","protected":false},"excerpt":{"rendered":"<p><strong style=\"color:#E63412\">12 semaines<\/strong><\/p>\n<p>Transformez votre corps avec un programme de prise de masse. Des exercices cibl\u00e9s et une alimentation adapt\u00e9e pour des r\u00e9sultats visibles.<\/p>\n<ul>\n<li><strong>VOTRE PROGRAMME D\u2019ENTRAINEMENT ADAPT\u00c9 \u00c0 VOS OBJECTIFS<\/strong><\/li>\n<li><strong>VOTRE PLAN ALIMENTAIRE FAIT SUR-MESURE<\/strong><\/li>\n<li><strong>DES RETOURS SUR VOS MOUVEMENTS EN VID\u00c9O<\/strong><\/li>\n<li><strong>DES CYCLES DE PROGRESSION ORGANIS\u00c9S PAR UN PROFESSIONNEL DIPL\u00d4M\u00c9<\/strong><\/li>\n<\/ul>\n<p>&nbsp;<\/p>\n","protected":false},"featured_media":100,"comment_status":"open","ping_status":"closed","template":"","meta":{"inline_featured_image":false},"product_cat":[26],"product_tag":[],"class_list":{"0":"post-106","1":"product","2":"type-product","3":"status-publish","4":"has-post-thumbnail","6":"product_cat-programmes-hommes","8":"first","9":"instock","10":"shipping-taxable","11":"purchasable","12":"product-type-variable"},"yoast_head":"<!-- This site is optimized with the Yoast SEO plugin v22.8 - https:\/\/yoast.com\/wordpress\/plugins\/seo\/ -->\n<title>Programme prise de masse homme - MC Coach Sportif<\/title>\n<meta name=\"robots\" content=\"index, follow, max-snippet:-1, max-image-preview:large, max-video-preview:-1\" \/>\n<link rel=\"canonical\" href=\"https:\/\/mc-coach-sportif-bordeaux.fr\/index.php\/produit\/programme-prise-de-masse-homme\/\" \/>\n<meta property=\"og:locale\" content=\"fr_FR\" \/>\n<meta property=\"og:type\" content=\"article\" \/>\n<meta property=\"og:title\" content=\"Programme prise de masse homme - MC Coach Sportif\" \/>\n<meta property=\"og:description\" content=\"12 semaines  Transformez votre corps avec un programme de prise de masse. Des exercices cibl\u00e9s et une alimentation adapt\u00e9e pour des r\u00e9sultats visibles.    VOTRE PROGRAMME D\u2019ENTRAINEMENT ADAPT\u00c9 \u00c0 VOS OBJECTIFS   VOTRE PLAN ALIMENTAIRE FAIT SUR-MESURE   DES RETOURS SUR VOS MOUVEMENTS EN VID\u00c9O   DES CYCLES DE PROGRESSION ORGANIS\u00c9S PAR UN PROFESSIONNEL DIPL\u00d4M\u00c9  &nbsp;\" \/>\n<meta property=\"og:url\" content=\"https:\/\/mc-coach-sportif-bordeaux.fr\/index.php\/produit\/programme-prise-de-masse-homme\/\" \/>\n<meta property=\"og:site_name\" content=\"MC Coach Sportif\" \/>\n<meta property=\"article:modified_time\" content=\"2025-11-08T22:28:28+00:00\" \/>\n<meta property=\"og:image\" content=\"https:\/\/mc-coach-sportif-bordeaux.fr\/wp-content\/uploads\/2023\/05\/DSC09105.webp\" \/>\n\t<meta property=\"og:image:width\" content=\"500\" \/>\n\t<meta property=\"og:image:height\" content=\"333\" \/>\n\t<meta property=\"og:image:type\" content=\"image\/webp\" \/>\n<meta name=\"twitter:card\" content=\"summary_large_image\" \/>\n<meta name=\"twitter:label1\" content=\"Dur\u00e9e de lecture estim\u00e9e\" \/>\n\t<meta name=\"twitter:data1\" content=\"2 minutes\" \/>\n<script type=\"application\/ld+json\" class=\"yoast-schema-graph\">{\"@context\":\"https:\/\/schema.org\",\"@graph\":[{\"@type\":\"WebPage\",\"@id\":\"https:\/\/mc-coach-sportif-bordeaux.fr\/index.php\/produit\/programme-prise-de-masse-homme\/\",\"url\":\"https:\/\/mc-coach-sportif-bordeaux.fr\/index.php\/produit\/programme-prise-de-masse-homme\/\",\"name\":\"Programme prise de masse homme - MC Coach Sportif\",\"isPartOf\":{\"@id\":\"https:\/\/mc-coach-sportif-bordeaux.fr\/#website\"},\"primaryImageOfPage\":{\"@id\":\"https:\/\/mc-coach-sportif-bordeaux.fr\/index.php\/produit\/programme-prise-de-masse-homme\/#primaryimage\"},\"image\":{\"@id\":\"https:\/\/mc-coach-sportif-bordeaux.fr\/index.php\/produit\/programme-prise-de-masse-homme\/#primaryimage\"},\"thumbnailUrl\":\"https:\/\/mc-coach-sportif-bordeaux.fr\/wp-content\/uploads\/2023\/05\/DSC09105.webp\",\"datePublished\":\"2023-06-27T14:59:46+00:00\",\"dateModified\":\"2025-11-08T22:28:28+00:00\",\"breadcrumb\":{\"@id\":\"https:\/\/mc-coach-sportif-bordeaux.fr\/index.php\/produit\/programme-prise-de-masse-homme\/#breadcrumb\"},\"inLanguage\":\"fr-FR\",\"potentialAction\":[{\"@type\":\"ReadAction\",\"target\":[\"https:\/\/mc-coach-sportif-bordeaux.fr\/index.php\/produit\/programme-prise-de-masse-homme\/\"]}]},{\"@type\":\"ImageObject\",\"inLanguage\":\"fr-FR\",\"@id\":\"https:\/\/mc-coach-sportif-bordeaux.fr\/index.php\/produit\/programme-prise-de-masse-homme\/#primaryimage\",\"url\":\"https:\/\/mc-coach-sportif-bordeaux.fr\/wp-content\/uploads\/2023\/05\/DSC09105.webp\",\"contentUrl\":\"https:\/\/mc-coach-sportif-bordeaux.fr\/wp-content\/uploads\/2023\/05\/DSC09105.webp\",\"width\":500,\"height\":333},{\"@type\":\"BreadcrumbList\",\"@id\":\"https:\/\/mc-coach-sportif-bordeaux.fr\/index.php\/produit\/programme-prise-de-masse-homme\/#breadcrumb\",\"itemListElement\":[{\"@type\":\"ListItem\",\"position\":1,\"name\":\"Accueil\",\"item\":\"https:\/\/mc-coach-sportif-bordeaux.fr\/\"},{\"@type\":\"ListItem\",\"position\":2,\"name\":\"Produits\",\"item\":\"https:\/\/mc-coach-sportif-bordeaux.fr\/index.php\/shop\/\"},{\"@type\":\"ListItem\",\"position\":3,\"name\":\"Programme prise de masse homme\"}]},{\"@type\":\"WebSite\",\"@id\":\"https:\/\/mc-coach-sportif-bordeaux.fr\/#website\",\"url\":\"https:\/\/mc-coach-sportif-bordeaux.fr\/\",\"name\":\"MC Coach Sportif\",\"description\":\"\",\"publisher\":{\"@id\":\"https:\/\/mc-coach-sportif-bordeaux.fr\/#organization\"},\"potentialAction\":[{\"@type\":\"SearchAction\",\"target\":{\"@type\":\"EntryPoint\",\"urlTemplate\":\"https:\/\/mc-coach-sportif-bordeaux.fr\/?s={search_term_string}\"},\"query-input\":\"required name=search_term_string\"}],\"inLanguage\":\"fr-FR\"},{\"@type\":\"Organization\",\"@id\":\"https:\/\/mc-coach-sportif-bordeaux.fr\/#organization\",\"name\":\"MC Coach Sportif\",\"url\":\"https:\/\/mc-coach-sportif-bordeaux.fr\/\",\"logo\":{\"@type\":\"ImageObject\",\"inLanguage\":\"fr-FR\",\"@id\":\"https:\/\/mc-coach-sportif-bordeaux.fr\/#\/schema\/logo\/image\/\",\"url\":\"https:\/\/mc-coach-sportif-bordeaux.fr\/wp-content\/uploads\/2023\/06\/LOGO-1.svg\",\"contentUrl\":\"https:\/\/mc-coach-sportif-bordeaux.fr\/wp-content\/uploads\/2023\/06\/LOGO-1.svg\",\"width\":368,\"height\":124,\"caption\":\"MC Coach Sportif\"},\"image\":{\"@id\":\"https:\/\/mc-coach-sportif-bordeaux.fr\/#\/schema\/logo\/image\/\"}}]}<\/script>\n<!-- \/ Yoast SEO plugin. -->","yoast_head_json":{"title":"Programme prise de masse homme - MC Coach Sportif","robots":{"index":"index","follow":"follow","max-snippet":"max-snippet:-1","max-image-preview":"max-image-preview:large","max-video-preview":"max-video-preview:-1"},"canonical":"https:\/\/mc-coach-sportif-bordeaux.fr\/index.php\/produit\/programme-prise-de-masse-homme\/","og_locale":"fr_FR","og_type":"article","og_title":"Programme prise de masse homme - MC Coach Sportif","og_description":"12 semaines  Transformez votre corps avec un programme de prise de masse. Des exercices cibl\u00e9s et une alimentation adapt\u00e9e pour des r\u00e9sultats visibles.    VOTRE PROGRAMME D\u2019ENTRAINEMENT ADAPT\u00c9 \u00c0 VOS OBJECTIFS   VOTRE PLAN ALIMENTAIRE FAIT SUR-MESURE   DES RETOURS SUR VOS MOUVEMENTS EN VID\u00c9O   DES CYCLES DE PROGRESSION ORGANIS\u00c9S PAR UN PROFESSIONNEL DIPL\u00d4M\u00c9  &nbsp;","og_url":"https:\/\/mc-coach-sportif-bordeaux.fr\/index.php\/produit\/programme-prise-de-masse-homme\/","og_site_name":"MC Coach Sportif","article_modified_time":"2025-11-08T22:28:28+00:00","og_image":[{"width":500,"height":333,"url":"https:\/\/mc-coach-sportif-bordeaux.fr\/wp-content\/uploads\/2023\/05\/DSC09105.webp","type":"image\/webp"}],"twitter_card":"summary_large_image","twitter_misc":{"Dur\u00e9e de lecture estim\u00e9e":"2 minutes"},"schema":{"@context":"https:\/\/schema.org","@graph":[{"@type":"WebPage","@id":"https:\/\/mc-coach-sportif-bordeaux.fr\/index.php\/produit\/programme-prise-de-masse-homme\/","url":"https:\/\/mc-coach-sportif-bordeaux.fr\/index.php\/produit\/programme-prise-de-masse-homme\/","name":"Programme prise de masse homme - MC Coach Sportif","isPartOf":{"@id":"https:\/\/mc-coach-sportif-bordeaux.fr\/#website"},"primaryImageOfPage":{"@id":"https:\/\/mc-coach-sportif-bordeaux.fr\/index.php\/produit\/programme-prise-de-masse-homme\/#primaryimage"},"image":{"@id":"https:\/\/mc-coach-sportif-bordeaux.fr\/index.php\/produit\/programme-prise-de-masse-homme\/#primaryimage"},"thumbnailUrl":"https:\/\/mc-coach-sportif-bordeaux.fr\/wp-content\/uploads\/2023\/05\/DSC09105.webp","datePublished":"2023-06-27T14:59:46+00:00","dateModified":"2025-11-08T22:28:28+00:00","breadcrumb":{"@id":"https:\/\/mc-coach-sportif-bordeaux.fr\/index.php\/produit\/programme-prise-de-masse-homme\/#breadcrumb"},"inLanguage":"fr-FR","potentialAction":[{"@type":"ReadAction","target":["https:\/\/mc-coach-sportif-bordeaux.fr\/index.php\/produit\/programme-prise-de-masse-homme\/"]}]},{"@type":"ImageObject","inLanguage":"fr-FR","@id":"https:\/\/mc-coach-sportif-bordeaux.fr\/index.php\/produit\/programme-prise-de-masse-homme\/#primaryimage","url":"https:\/\/mc-coach-sportif-bordeaux.fr\/wp-content\/uploads\/2023\/05\/DSC09105.webp","contentUrl":"https:\/\/mc-coach-sportif-bordeaux.fr\/wp-content\/uploads\/2023\/05\/DSC09105.webp","width":500,"height":333},{"@type":"BreadcrumbList","@id":"https:\/\/mc-coach-sportif-bordeaux.fr\/index.php\/produit\/programme-prise-de-masse-homme\/#breadcrumb","itemListElement":[{"@type":"ListItem","position":1,"name":"Accueil","item":"https:\/\/mc-coach-sportif-bordeaux.fr\/"},{"@type":"ListItem","position":2,"name":"Produits","item":"https:\/\/mc-coach-sportif-bordeaux.fr\/index.php\/shop\/"},{"@type":"ListItem","position":3,"name":"Programme prise de masse homme"}]},{"@type":"WebSite","@id":"https:\/\/mc-coach-sportif-bordeaux.fr\/#website","url":"https:\/\/mc-coach-sportif-bordeaux.fr\/","name":"MC Coach Sportif","description":"","publisher":{"@id":"https:\/\/mc-coach-sportif-bordeaux.fr\/#organization"},"potentialAction":[{"@type":"SearchAction","target":{"@type":"EntryPoint","urlTemplate":"https:\/\/mc-coach-sportif-bordeaux.fr\/?s={search_term_string}"},"query-input":"required name=search_term_string"}],"inLanguage":"fr-FR"},{"@type":"Organization","@id":"https:\/\/mc-coach-sportif-bordeaux.fr\/#organization","name":"MC Coach Sportif","url":"https:\/\/mc-coach-sportif-bordeaux.fr\/","logo":{"@type":"ImageObject","inLanguage":"fr-FR","@id":"https:\/\/mc-coach-sportif-bordeaux.fr\/#\/schema\/logo\/image\/","url":"https:\/\/mc-coach-sportif-bordeaux.fr\/wp-content\/uploads\/2023\/06\/LOGO-1.svg","contentUrl":"https:\/\/mc-coach-sportif-bordeaux.fr\/wp-content\/uploads\/2023\/06\/LOGO-1.svg","width":368,"height":124,"caption":"MC Coach Sportif"},"image":{"@id":"https:\/\/mc-coach-sportif-bordeaux.fr\/#\/schema\/logo\/image\/"}}]}},"_links":{"self":[{"href":"https:\/\/mc-coach-sportif-bordeaux.fr\/index.php\/wp-json\/wp\/v2\/product\/106","targetHints":{"allow":["GET"]}}],"collection":[{"href":"https:\/\/mc-coach-sportif-bordeaux.fr\/index.php\/wp-json\/wp\/v2\/product"}],"about":[{"href":"https:\/\/mc-coach-sportif-bordeaux.fr\/index.php\/wp-json\/wp\/v2\/types\/product"}],"replies":[{"embeddable":true,"href":"https:\/\/mc-coach-sportif-bordeaux.fr\/index.php\/wp-json\/wp\/v2\/comments?post=106"}],"version-history":[{"count":6,"href":"https:\/\/mc-coach-sportif-bordeaux.fr\/index.php\/wp-json\/wp\/v2\/product\/106\/revisions"}],"predecessor-version":[{"id":735,"href":"https:\/\/mc-coach-sportif-bordeaux.fr\/index.php\/wp-json\/wp\/v2\/product\/106\/revisions\/735"}],"wp:featuredmedia":[{"embeddable":true,"href":"https:\/\/mc-coach-sportif-bordeaux.fr\/index.php\/wp-json\/wp\/v2\/media\/100"}],"wp:attachment":[{"href":"https:\/\/mc-coach-sportif-bordeaux.fr\/index.php\/wp-json\/wp\/v2\/media?parent=106"}],"wp:term":[{"taxonomy":"product_cat","embeddable":true,"href":"https:\/\/mc-coach-sportif-bordeaux.fr\/index.php\/wp-json\/wp\/v2\/product_cat?post=106"},{"taxonomy":"product_tag","embeddable":true,"href":"https:\/\/mc-coach-sportif-bordeaux.fr\/index.php\/wp-json\/wp\/v2\/product_tag?post=106"}],"curies":[{"name":"wp","href":"https:\/\/api.w.org\/{rel}","templated":true}]}}