{"id":102,"date":"2023-06-27T16:59:46","date_gmt":"2023-06-27T14:59:46","guid":{"rendered":"http:\/\/admin"},"modified":"2025-12-16T02:50:41","modified_gmt":"2025-12-16T01:50:41","slug":"programme-perte-de-poids-femme","status":"publish","type":"product","link":"https:\/\/mc-coach-sportif-bordeaux.fr\/index.php\/produit\/programme-perte-de-poids-femme\/","title":{"rendered":"Programme perte de poids femme"},"content":{"rendered":"<p>Vous \u00eates \u00e0 la recherche d&#8217;un programme sur mesure sp\u00e9cialement con\u00e7u pour les femmes, pour perdre du poids de mani\u00e8re efficace et retrouver votre confiance en vous ? Ne cherchez pas plus loin ! MC Coach Sportif, dirig\u00e9 par Mathieu Caron, bas\u00e9 \u00e0 Bordeaux, vous propose un programme de perte de poids personnalis\u00e9, adapt\u00e9 \u00e0 vos besoins.<\/p>\n<p>Notre programme exclusivement d\u00e9di\u00e9 aux femmes vous permettra d&#8217;atteindre vos objectifs de mani\u00e8re optimale. Gr\u00e2ce \u00e0 une combinaison d&#8217;entra\u00eenement et de nutrition, vous pourrez br\u00fbler des calories, tonifier votre corps et adopter des habitudes saines pour une perte de poids durable.<\/p>\n<p>Nos s\u00e9ances d&#8217;entra\u00eenement sont sp\u00e9cifiquement con\u00e7ues pour les femmes, en combinant des exercices cardio, de renforcement musculaire et des conseils nutritionnels adapt\u00e9s. Vous serez guid\u00e9e tout au long du processus pour vous assurer d&#8217;obtenir les meilleurs r\u00e9sultats.<\/p>\n<p>En suivant notre programme, vous pourrez \u00e9galement b\u00e9n\u00e9ficier d&#8217;une alimentation \u00e9quilibr\u00e9e, riche en nutriments essentiels. Cela vous permettra de maximiser vos r\u00e9sultats et de maintenir un poids sant\u00e9 de mani\u00e8re durable.<\/p>\n<p>Ne laissez pas le surpoids vous emp\u00eacher de vivre pleinement. Essayez d\u00e8s aujourd&#8217;hui notre programme de perte de poids exclusivement con\u00e7u pour les femmes, et transformez votre corps en un v\u00e9ritable temple de bien-\u00eatre et de confiance en vous.<\/p>\n<p>Contactez-nous d\u00e8s maintenant pour plus d&#8217;informations et pour commencer votre voyage vers une nouvelle version de vous-m\u00eame. Ensemble, nous atteindrons vos objectifs de fa\u00e7on durable et vous aiderons \u00e0 vous \u00e9panouir dans votre propre corps.<\/p>\n","protected":false},"excerpt":{"rendered":"<p><strong style=\"color:#E63412\">12 semaines<\/strong><\/p>\n<p>Transformez votre vie avec un programme de remise en forme. Exercices vari\u00e9s, alimentation \u00e9quilibr\u00e9e et suppl\u00e9ments pour une meilleure sant\u00e9.<\/p>\n<ul>\n<li><strong>VOTRE PROGRAMME D\u2019ENTRAINEMENT ADAPT\u00c9 \u00c0 VOS OBJECTIFS<\/strong><\/li>\n<li><strong>VOTRE PLAN ALIMENTAIRE FAIT SUR-MESURE<\/strong><\/li>\n<li><strong>DES RETOURS SUR VOS MOUVEMENTS EN VID\u00c9O<\/strong><\/li>\n<li><strong>DES CYCLES DE PROGRESSION ORGANIS\u00c9S PAR UN PROFESSIONNEL DIPL\u00d4M\u00c9<\/strong><\/li>\n<\/ul>\n<p>&nbsp;<\/p>\n","protected":false},"featured_media":96,"comment_status":"open","ping_status":"closed","template":"","meta":{"inline_featured_image":false},"product_cat":[25],"product_tag":[],"class_list":{"0":"post-102","1":"product","2":"type-product","3":"status-publish","4":"has-post-thumbnail","6":"product_cat-programmes-femmes","8":"first","9":"instock","10":"shipping-taxable","11":"purchasable","12":"product-type-variable"},"yoast_head":"<!-- This site is optimized with the Yoast SEO plugin v22.8 - https:\/\/yoast.com\/wordpress\/plugins\/seo\/ -->\n<title>Programme perte de poids femme - MC Coach Sportif<\/title>\n<meta name=\"robots\" content=\"index, follow, max-snippet:-1, max-image-preview:large, max-video-preview:-1\" \/>\n<link rel=\"canonical\" href=\"https:\/\/mc-coach-sportif-bordeaux.fr\/index.php\/produit\/programme-perte-de-poids-femme\/\" \/>\n<meta property=\"og:locale\" content=\"fr_FR\" \/>\n<meta property=\"og:type\" content=\"article\" \/>\n<meta property=\"og:title\" content=\"Programme perte de poids femme - MC Coach Sportif\" \/>\n<meta property=\"og:description\" content=\"12 semaines  Transformez votre vie avec un programme de remise en forme. Exercices vari\u00e9s, alimentation \u00e9quilibr\u00e9e et suppl\u00e9ments pour une meilleure sant\u00e9.     VOTRE PROGRAMME D\u2019ENTRAINEMENT ADAPT\u00c9 \u00c0 VOS OBJECTIFS   VOTRE PLAN ALIMENTAIRE FAIT SUR-MESURE   DES RETOURS SUR VOS MOUVEMENTS EN VID\u00c9O   DES CYCLES DE PROGRESSION ORGANIS\u00c9S PAR UN PROFESSIONNEL DIPL\u00d4M\u00c9   &nbsp;\" \/>\n<meta property=\"og:url\" content=\"https:\/\/mc-coach-sportif-bordeaux.fr\/index.php\/produit\/programme-perte-de-poids-femme\/\" \/>\n<meta property=\"og:site_name\" content=\"MC Coach Sportif\" \/>\n<meta property=\"article:modified_time\" content=\"2025-12-16T01:50:41+00:00\" \/>\n<meta property=\"og:image\" content=\"https:\/\/mc-coach-sportif-bordeaux.fr\/wp-content\/uploads\/2023\/05\/AB427633-4B7B-4BD5-AC29-2322EABA21C4.webp\" \/>\n\t<meta property=\"og:image:width\" content=\"500\" \/>\n\t<meta property=\"og:image:height\" content=\"622\" \/>\n\t<meta property=\"og:image:type\" content=\"image\/webp\" \/>\n<meta name=\"twitter:card\" content=\"summary_large_image\" \/>\n<meta name=\"twitter:label1\" content=\"Dur\u00e9e de lecture estim\u00e9e\" \/>\n\t<meta name=\"twitter:data1\" content=\"2 minutes\" \/>\n<script type=\"application\/ld+json\" class=\"yoast-schema-graph\">{\"@context\":\"https:\/\/schema.org\",\"@graph\":[{\"@type\":\"WebPage\",\"@id\":\"https:\/\/mc-coach-sportif-bordeaux.fr\/index.php\/produit\/programme-perte-de-poids-femme\/\",\"url\":\"https:\/\/mc-coach-sportif-bordeaux.fr\/index.php\/produit\/programme-perte-de-poids-femme\/\",\"name\":\"Programme perte de poids femme - MC Coach Sportif\",\"isPartOf\":{\"@id\":\"https:\/\/mc-coach-sportif-bordeaux.fr\/#website\"},\"primaryImageOfPage\":{\"@id\":\"https:\/\/mc-coach-sportif-bordeaux.fr\/index.php\/produit\/programme-perte-de-poids-femme\/#primaryimage\"},\"image\":{\"@id\":\"https:\/\/mc-coach-sportif-bordeaux.fr\/index.php\/produit\/programme-perte-de-poids-femme\/#primaryimage\"},\"thumbnailUrl\":\"https:\/\/mc-coach-sportif-bordeaux.fr\/wp-content\/uploads\/2023\/05\/AB427633-4B7B-4BD5-AC29-2322EABA21C4.webp\",\"datePublished\":\"2023-06-27T14:59:46+00:00\",\"dateModified\":\"2025-12-16T01:50:41+00:00\",\"breadcrumb\":{\"@id\":\"https:\/\/mc-coach-sportif-bordeaux.fr\/index.php\/produit\/programme-perte-de-poids-femme\/#breadcrumb\"},\"inLanguage\":\"fr-FR\",\"potentialAction\":[{\"@type\":\"ReadAction\",\"target\":[\"https:\/\/mc-coach-sportif-bordeaux.fr\/index.php\/produit\/programme-perte-de-poids-femme\/\"]}]},{\"@type\":\"ImageObject\",\"inLanguage\":\"fr-FR\",\"@id\":\"https:\/\/mc-coach-sportif-bordeaux.fr\/index.php\/produit\/programme-perte-de-poids-femme\/#primaryimage\",\"url\":\"https:\/\/mc-coach-sportif-bordeaux.fr\/wp-content\/uploads\/2023\/05\/AB427633-4B7B-4BD5-AC29-2322EABA21C4.webp\",\"contentUrl\":\"https:\/\/mc-coach-sportif-bordeaux.fr\/wp-content\/uploads\/2023\/05\/AB427633-4B7B-4BD5-AC29-2322EABA21C4.webp\",\"width\":500,\"height\":622},{\"@type\":\"BreadcrumbList\",\"@id\":\"https:\/\/mc-coach-sportif-bordeaux.fr\/index.php\/produit\/programme-perte-de-poids-femme\/#breadcrumb\",\"itemListElement\":[{\"@type\":\"ListItem\",\"position\":1,\"name\":\"Accueil\",\"item\":\"https:\/\/mc-coach-sportif-bordeaux.fr\/\"},{\"@type\":\"ListItem\",\"position\":2,\"name\":\"Produits\",\"item\":\"https:\/\/mc-coach-sportif-bordeaux.fr\/index.php\/shop\/\"},{\"@type\":\"ListItem\",\"position\":3,\"name\":\"Programme perte de poids femme\"}]},{\"@type\":\"WebSite\",\"@id\":\"https:\/\/mc-coach-sportif-bordeaux.fr\/#website\",\"url\":\"https:\/\/mc-coach-sportif-bordeaux.fr\/\",\"name\":\"MC Coach Sportif\",\"description\":\"\",\"publisher\":{\"@id\":\"https:\/\/mc-coach-sportif-bordeaux.fr\/#organization\"},\"potentialAction\":[{\"@type\":\"SearchAction\",\"target\":{\"@type\":\"EntryPoint\",\"urlTemplate\":\"https:\/\/mc-coach-sportif-bordeaux.fr\/?s={search_term_string}\"},\"query-input\":\"required name=search_term_string\"}],\"inLanguage\":\"fr-FR\"},{\"@type\":\"Organization\",\"@id\":\"https:\/\/mc-coach-sportif-bordeaux.fr\/#organization\",\"name\":\"MC Coach Sportif\",\"url\":\"https:\/\/mc-coach-sportif-bordeaux.fr\/\",\"logo\":{\"@type\":\"ImageObject\",\"inLanguage\":\"fr-FR\",\"@id\":\"https:\/\/mc-coach-sportif-bordeaux.fr\/#\/schema\/logo\/image\/\",\"url\":\"https:\/\/mc-coach-sportif-bordeaux.fr\/wp-content\/uploads\/2023\/06\/LOGO-1.svg\",\"contentUrl\":\"https:\/\/mc-coach-sportif-bordeaux.fr\/wp-content\/uploads\/2023\/06\/LOGO-1.svg\",\"width\":368,\"height\":124,\"caption\":\"MC Coach Sportif\"},\"image\":{\"@id\":\"https:\/\/mc-coach-sportif-bordeaux.fr\/#\/schema\/logo\/image\/\"}}]}<\/script>\n<!-- \/ Yoast SEO plugin. -->","yoast_head_json":{"title":"Programme perte de poids femme - MC Coach Sportif","robots":{"index":"index","follow":"follow","max-snippet":"max-snippet:-1","max-image-preview":"max-image-preview:large","max-video-preview":"max-video-preview:-1"},"canonical":"https:\/\/mc-coach-sportif-bordeaux.fr\/index.php\/produit\/programme-perte-de-poids-femme\/","og_locale":"fr_FR","og_type":"article","og_title":"Programme perte de poids femme - MC Coach Sportif","og_description":"12 semaines  Transformez votre vie avec un programme de remise en forme. Exercices vari\u00e9s, alimentation \u00e9quilibr\u00e9e et suppl\u00e9ments pour une meilleure sant\u00e9.     VOTRE PROGRAMME D\u2019ENTRAINEMENT ADAPT\u00c9 \u00c0 VOS OBJECTIFS   VOTRE PLAN ALIMENTAIRE FAIT SUR-MESURE   DES RETOURS SUR VOS MOUVEMENTS EN VID\u00c9O   DES CYCLES DE PROGRESSION ORGANIS\u00c9S PAR UN PROFESSIONNEL DIPL\u00d4M\u00c9   &nbsp;","og_url":"https:\/\/mc-coach-sportif-bordeaux.fr\/index.php\/produit\/programme-perte-de-poids-femme\/","og_site_name":"MC Coach Sportif","article_modified_time":"2025-12-16T01:50:41+00:00","og_image":[{"width":500,"height":622,"url":"https:\/\/mc-coach-sportif-bordeaux.fr\/wp-content\/uploads\/2023\/05\/AB427633-4B7B-4BD5-AC29-2322EABA21C4.webp","type":"image\/webp"}],"twitter_card":"summary_large_image","twitter_misc":{"Dur\u00e9e de lecture estim\u00e9e":"2 minutes"},"schema":{"@context":"https:\/\/schema.org","@graph":[{"@type":"WebPage","@id":"https:\/\/mc-coach-sportif-bordeaux.fr\/index.php\/produit\/programme-perte-de-poids-femme\/","url":"https:\/\/mc-coach-sportif-bordeaux.fr\/index.php\/produit\/programme-perte-de-poids-femme\/","name":"Programme perte de poids femme - MC Coach Sportif","isPartOf":{"@id":"https:\/\/mc-coach-sportif-bordeaux.fr\/#website"},"primaryImageOfPage":{"@id":"https:\/\/mc-coach-sportif-bordeaux.fr\/index.php\/produit\/programme-perte-de-poids-femme\/#primaryimage"},"image":{"@id":"https:\/\/mc-coach-sportif-bordeaux.fr\/index.php\/produit\/programme-perte-de-poids-femme\/#primaryimage"},"thumbnailUrl":"https:\/\/mc-coach-sportif-bordeaux.fr\/wp-content\/uploads\/2023\/05\/AB427633-4B7B-4BD5-AC29-2322EABA21C4.webp","datePublished":"2023-06-27T14:59:46+00:00","dateModified":"2025-12-16T01:50:41+00:00","breadcrumb":{"@id":"https:\/\/mc-coach-sportif-bordeaux.fr\/index.php\/produit\/programme-perte-de-poids-femme\/#breadcrumb"},"inLanguage":"fr-FR","potentialAction":[{"@type":"ReadAction","target":["https:\/\/mc-coach-sportif-bordeaux.fr\/index.php\/produit\/programme-perte-de-poids-femme\/"]}]},{"@type":"ImageObject","inLanguage":"fr-FR","@id":"https:\/\/mc-coach-sportif-bordeaux.fr\/index.php\/produit\/programme-perte-de-poids-femme\/#primaryimage","url":"https:\/\/mc-coach-sportif-bordeaux.fr\/wp-content\/uploads\/2023\/05\/AB427633-4B7B-4BD5-AC29-2322EABA21C4.webp","contentUrl":"https:\/\/mc-coach-sportif-bordeaux.fr\/wp-content\/uploads\/2023\/05\/AB427633-4B7B-4BD5-AC29-2322EABA21C4.webp","width":500,"height":622},{"@type":"BreadcrumbList","@id":"https:\/\/mc-coach-sportif-bordeaux.fr\/index.php\/produit\/programme-perte-de-poids-femme\/#breadcrumb","itemListElement":[{"@type":"ListItem","position":1,"name":"Accueil","item":"https:\/\/mc-coach-sportif-bordeaux.fr\/"},{"@type":"ListItem","position":2,"name":"Produits","item":"https:\/\/mc-coach-sportif-bordeaux.fr\/index.php\/shop\/"},{"@type":"ListItem","position":3,"name":"Programme perte de poids femme"}]},{"@type":"WebSite","@id":"https:\/\/mc-coach-sportif-bordeaux.fr\/#website","url":"https:\/\/mc-coach-sportif-bordeaux.fr\/","name":"MC Coach Sportif","description":"","publisher":{"@id":"https:\/\/mc-coach-sportif-bordeaux.fr\/#organization"},"potentialAction":[{"@type":"SearchAction","target":{"@type":"EntryPoint","urlTemplate":"https:\/\/mc-coach-sportif-bordeaux.fr\/?s={search_term_string}"},"query-input":"required name=search_term_string"}],"inLanguage":"fr-FR"},{"@type":"Organization","@id":"https:\/\/mc-coach-sportif-bordeaux.fr\/#organization","name":"MC Coach Sportif","url":"https:\/\/mc-coach-sportif-bordeaux.fr\/","logo":{"@type":"ImageObject","inLanguage":"fr-FR","@id":"https:\/\/mc-coach-sportif-bordeaux.fr\/#\/schema\/logo\/image\/","url":"https:\/\/mc-coach-sportif-bordeaux.fr\/wp-content\/uploads\/2023\/06\/LOGO-1.svg","contentUrl":"https:\/\/mc-coach-sportif-bordeaux.fr\/wp-content\/uploads\/2023\/06\/LOGO-1.svg","width":368,"height":124,"caption":"MC Coach Sportif"},"image":{"@id":"https:\/\/mc-coach-sportif-bordeaux.fr\/#\/schema\/logo\/image\/"}}]}},"_links":{"self":[{"href":"https:\/\/mc-coach-sportif-bordeaux.fr\/index.php\/wp-json\/wp\/v2\/product\/102","targetHints":{"allow":["GET"]}}],"collection":[{"href":"https:\/\/mc-coach-sportif-bordeaux.fr\/index.php\/wp-json\/wp\/v2\/product"}],"about":[{"href":"https:\/\/mc-coach-sportif-bordeaux.fr\/index.php\/wp-json\/wp\/v2\/types\/product"}],"replies":[{"embeddable":true,"href":"https:\/\/mc-coach-sportif-bordeaux.fr\/index.php\/wp-json\/wp\/v2\/comments?post=102"}],"version-history":[{"count":13,"href":"https:\/\/mc-coach-sportif-bordeaux.fr\/index.php\/wp-json\/wp\/v2\/product\/102\/revisions"}],"predecessor-version":[{"id":733,"href":"https:\/\/mc-coach-sportif-bordeaux.fr\/index.php\/wp-json\/wp\/v2\/product\/102\/revisions\/733"}],"wp:featuredmedia":[{"embeddable":true,"href":"https:\/\/mc-coach-sportif-bordeaux.fr\/index.php\/wp-json\/wp\/v2\/media\/96"}],"wp:attachment":[{"href":"https:\/\/mc-coach-sportif-bordeaux.fr\/index.php\/wp-json\/wp\/v2\/media?parent=102"}],"wp:term":[{"taxonomy":"product_cat","embeddable":true,"href":"https:\/\/mc-coach-sportif-bordeaux.fr\/index.php\/wp-json\/wp\/v2\/product_cat?post=102"},{"taxonomy":"product_tag","embeddable":true,"href":"https:\/\/mc-coach-sportif-bordeaux.fr\/index.php\/wp-json\/wp\/v2\/product_tag?post=102"}],"curies":[{"name":"wp","href":"https:\/\/api.w.org\/{rel}","templated":true}]}}