{"id":101,"date":"2023-06-27T16:59:46","date_gmt":"2023-06-27T14:59:46","guid":{"rendered":"http:\/\/admin"},"modified":"2025-12-16T02:51:02","modified_gmt":"2025-12-16T01:51:02","slug":"programme-prise-de-masse-femme","status":"publish","type":"product","link":"https:\/\/mc-coach-sportif-bordeaux.fr\/index.php\/produit\/programme-prise-de-masse-femme\/","title":{"rendered":"Programme prise de masse femme"},"content":{"rendered":"<p>Vous \u00eates une femme \u00e0 la recherche d&#8217;un programme sp\u00e9cialement con\u00e7u pour vous aider \u00e0 prendre de la masse musculaire et \u00e0 devenir plus forte ? Ne cherchez pas plus loin ! MC Coach Sportif, dirig\u00e9 par Mathieu Caron, bas\u00e9 \u00e0 Bordeaux, a d\u00e9velopp\u00e9 un programme de prise de masse sur mesure pour r\u00e9pondre \u00e0 vos besoins sp\u00e9cifiques.<\/p>\n<p>Notre programme exclusivement d\u00e9di\u00e9 aux femmes vous permettra de d\u00e9velopper des muscles plus grands et plus forts en un minimum de temps. Gr\u00e2ce \u00e0 un entra\u00eenement cibl\u00e9 et \u00e0 une alimentation adapt\u00e9e, vous serez en mesure d&#8217;atteindre vos objectifs de renforcement musculaire.<\/p>\n<p>Nos s\u00e9ances d&#8217;entra\u00eenement sont con\u00e7ues pour cibler les principaux groupes musculaires, en mettant l&#8217;accent sur les exercices de musculation sp\u00e9cifiques pour les femmes. Nous vous guiderons tout au long du processus pour vous assurer d&#8217;obtenir les meilleurs r\u00e9sultats et de progresser de mani\u00e8re efficace.<\/p>\n<p>En suivant notre programme, vous b\u00e9n\u00e9ficierez \u00e9galement d&#8217;une alimentation \u00e9quilibr\u00e9e, riche en nutriments essentiels. Cela vous permettra de maximiser vos r\u00e9sultats et de favoriser la croissance musculaire de mani\u00e8re naturelle.<\/p>\n<p>Ne manquez pas cette opportunit\u00e9 de devenir la plus forte et la plus muscl\u00e9e que vous puissiez \u00eatre. Essayez d\u00e8s aujourd&#8217;hui notre programme de prise de masse exclusivement con\u00e7u pour les femmes et transformez votre corps en un v\u00e9ritable temple de force et de puissance !<\/p>\n<p>Contactez-nous d\u00e8s maintenant pour obtenir plus d&#8217;informations et pour commencer votre voyage vers une version plus forte et plus muscl\u00e9e de vous-m\u00eame. Avec notre programme et notre soutien, vous atteindrez vos objectifs de prise de masse et vous \u00e9panouirez dans votre corps avec confiance et d\u00e9termination.<\/p>\n","protected":false},"excerpt":{"rendered":"<p><strong style=\"color:#E63412\">12 semaines<\/strong><\/p>\n<p>Transformez votre corps avec un programme de prise de masse. Des exercices cibl\u00e9s et une alimentation adapt\u00e9e pour des r\u00e9sultats visibles.<\/p>\n<ul>\n<li><strong>VOTRE PROGRAMME D\u2019ENTRAINEMENT ADAPT\u00c9 \u00c0 VOS OBJECTIFS<\/strong><\/li>\n<li><strong>VOTRE PLAN ALIMENTAIRE FAIT SUR-MESURE<\/strong><\/li>\n<li><strong>DES RETOURS SUR VOS MOUVEMENTS EN VID\u00c9O<\/strong><\/li>\n<li><strong>DES CYCLES DE PROGRESSION ORGANIS\u00c9S PAR UN PROFESSIONNEL DIPL\u00d4M\u00c9<\/strong><\/li>\n<\/ul>\n<p>&nbsp;<\/p>\n","protected":false},"featured_media":97,"comment_status":"open","ping_status":"closed","template":"","meta":{"inline_featured_image":false},"product_cat":[25],"product_tag":[],"class_list":{"0":"post-101","1":"product","2":"type-product","3":"status-publish","4":"has-post-thumbnail","6":"product_cat-programmes-femmes","8":"first","9":"instock","10":"shipping-taxable","11":"purchasable","12":"product-type-variable"},"yoast_head":"<!-- This site is optimized with the Yoast SEO plugin v22.8 - https:\/\/yoast.com\/wordpress\/plugins\/seo\/ -->\n<title>Programme prise de masse femme - MC Coach Sportif<\/title>\n<meta name=\"robots\" content=\"index, follow, max-snippet:-1, max-image-preview:large, max-video-preview:-1\" \/>\n<link rel=\"canonical\" href=\"https:\/\/mc-coach-sportif-bordeaux.fr\/index.php\/produit\/programme-prise-de-masse-femme\/\" \/>\n<meta property=\"og:locale\" content=\"fr_FR\" \/>\n<meta property=\"og:type\" content=\"article\" \/>\n<meta property=\"og:title\" content=\"Programme prise de masse femme - MC Coach Sportif\" \/>\n<meta property=\"og:description\" content=\"12 semaines  Transformez votre corps avec un programme de prise de masse. Des exercices cibl\u00e9s et une alimentation adapt\u00e9e pour des r\u00e9sultats visibles.    VOTRE PROGRAMME D\u2019ENTRAINEMENT ADAPT\u00c9 \u00c0 VOS OBJECTIFS   VOTRE PLAN ALIMENTAIRE FAIT SUR-MESURE   DES RETOURS SUR VOS MOUVEMENTS EN VID\u00c9O   DES CYCLES DE PROGRESSION ORGANIS\u00c9S PAR UN PROFESSIONNEL DIPL\u00d4M\u00c9  &nbsp;\" \/>\n<meta property=\"og:url\" content=\"https:\/\/mc-coach-sportif-bordeaux.fr\/index.php\/produit\/programme-prise-de-masse-femme\/\" \/>\n<meta property=\"og:site_name\" content=\"MC Coach Sportif\" \/>\n<meta property=\"article:modified_time\" content=\"2025-12-16T01:51:02+00:00\" \/>\n<meta property=\"og:image\" content=\"https:\/\/mc-coach-sportif-bordeaux.fr\/wp-content\/uploads\/2023\/05\/DSC09226.webp\" \/>\n\t<meta property=\"og:image:width\" content=\"500\" \/>\n\t<meta property=\"og:image:height\" content=\"750\" \/>\n\t<meta property=\"og:image:type\" content=\"image\/webp\" \/>\n<meta name=\"twitter:card\" content=\"summary_large_image\" \/>\n<meta name=\"twitter:label1\" content=\"Dur\u00e9e de lecture estim\u00e9e\" \/>\n\t<meta name=\"twitter:data1\" content=\"2 minutes\" \/>\n<script type=\"application\/ld+json\" class=\"yoast-schema-graph\">{\"@context\":\"https:\/\/schema.org\",\"@graph\":[{\"@type\":\"WebPage\",\"@id\":\"https:\/\/mc-coach-sportif-bordeaux.fr\/index.php\/produit\/programme-prise-de-masse-femme\/\",\"url\":\"https:\/\/mc-coach-sportif-bordeaux.fr\/index.php\/produit\/programme-prise-de-masse-femme\/\",\"name\":\"Programme prise de masse femme - MC Coach Sportif\",\"isPartOf\":{\"@id\":\"https:\/\/mc-coach-sportif-bordeaux.fr\/#website\"},\"primaryImageOfPage\":{\"@id\":\"https:\/\/mc-coach-sportif-bordeaux.fr\/index.php\/produit\/programme-prise-de-masse-femme\/#primaryimage\"},\"image\":{\"@id\":\"https:\/\/mc-coach-sportif-bordeaux.fr\/index.php\/produit\/programme-prise-de-masse-femme\/#primaryimage\"},\"thumbnailUrl\":\"https:\/\/mc-coach-sportif-bordeaux.fr\/wp-content\/uploads\/2023\/05\/DSC09226.webp\",\"datePublished\":\"2023-06-27T14:59:46+00:00\",\"dateModified\":\"2025-12-16T01:51:02+00:00\",\"breadcrumb\":{\"@id\":\"https:\/\/mc-coach-sportif-bordeaux.fr\/index.php\/produit\/programme-prise-de-masse-femme\/#breadcrumb\"},\"inLanguage\":\"fr-FR\",\"potentialAction\":[{\"@type\":\"ReadAction\",\"target\":[\"https:\/\/mc-coach-sportif-bordeaux.fr\/index.php\/produit\/programme-prise-de-masse-femme\/\"]}]},{\"@type\":\"ImageObject\",\"inLanguage\":\"fr-FR\",\"@id\":\"https:\/\/mc-coach-sportif-bordeaux.fr\/index.php\/produit\/programme-prise-de-masse-femme\/#primaryimage\",\"url\":\"https:\/\/mc-coach-sportif-bordeaux.fr\/wp-content\/uploads\/2023\/05\/DSC09226.webp\",\"contentUrl\":\"https:\/\/mc-coach-sportif-bordeaux.fr\/wp-content\/uploads\/2023\/05\/DSC09226.webp\",\"width\":500,\"height\":750},{\"@type\":\"BreadcrumbList\",\"@id\":\"https:\/\/mc-coach-sportif-bordeaux.fr\/index.php\/produit\/programme-prise-de-masse-femme\/#breadcrumb\",\"itemListElement\":[{\"@type\":\"ListItem\",\"position\":1,\"name\":\"Accueil\",\"item\":\"https:\/\/mc-coach-sportif-bordeaux.fr\/\"},{\"@type\":\"ListItem\",\"position\":2,\"name\":\"Produits\",\"item\":\"https:\/\/mc-coach-sportif-bordeaux.fr\/index.php\/shop\/\"},{\"@type\":\"ListItem\",\"position\":3,\"name\":\"Programme prise de masse femme\"}]},{\"@type\":\"WebSite\",\"@id\":\"https:\/\/mc-coach-sportif-bordeaux.fr\/#website\",\"url\":\"https:\/\/mc-coach-sportif-bordeaux.fr\/\",\"name\":\"MC Coach Sportif\",\"description\":\"\",\"publisher\":{\"@id\":\"https:\/\/mc-coach-sportif-bordeaux.fr\/#organization\"},\"potentialAction\":[{\"@type\":\"SearchAction\",\"target\":{\"@type\":\"EntryPoint\",\"urlTemplate\":\"https:\/\/mc-coach-sportif-bordeaux.fr\/?s={search_term_string}\"},\"query-input\":\"required name=search_term_string\"}],\"inLanguage\":\"fr-FR\"},{\"@type\":\"Organization\",\"@id\":\"https:\/\/mc-coach-sportif-bordeaux.fr\/#organization\",\"name\":\"MC Coach Sportif\",\"url\":\"https:\/\/mc-coach-sportif-bordeaux.fr\/\",\"logo\":{\"@type\":\"ImageObject\",\"inLanguage\":\"fr-FR\",\"@id\":\"https:\/\/mc-coach-sportif-bordeaux.fr\/#\/schema\/logo\/image\/\",\"url\":\"https:\/\/mc-coach-sportif-bordeaux.fr\/wp-content\/uploads\/2023\/06\/LOGO-1.svg\",\"contentUrl\":\"https:\/\/mc-coach-sportif-bordeaux.fr\/wp-content\/uploads\/2023\/06\/LOGO-1.svg\",\"width\":368,\"height\":124,\"caption\":\"MC Coach Sportif\"},\"image\":{\"@id\":\"https:\/\/mc-coach-sportif-bordeaux.fr\/#\/schema\/logo\/image\/\"}}]}<\/script>\n<!-- \/ Yoast SEO plugin. -->","yoast_head_json":{"title":"Programme prise de masse femme - MC Coach Sportif","robots":{"index":"index","follow":"follow","max-snippet":"max-snippet:-1","max-image-preview":"max-image-preview:large","max-video-preview":"max-video-preview:-1"},"canonical":"https:\/\/mc-coach-sportif-bordeaux.fr\/index.php\/produit\/programme-prise-de-masse-femme\/","og_locale":"fr_FR","og_type":"article","og_title":"Programme prise de masse femme - MC Coach Sportif","og_description":"12 semaines  Transformez votre corps avec un programme de prise de masse. Des exercices cibl\u00e9s et une alimentation adapt\u00e9e pour des r\u00e9sultats visibles.    VOTRE PROGRAMME D\u2019ENTRAINEMENT ADAPT\u00c9 \u00c0 VOS OBJECTIFS   VOTRE PLAN ALIMENTAIRE FAIT SUR-MESURE   DES RETOURS SUR VOS MOUVEMENTS EN VID\u00c9O   DES CYCLES DE PROGRESSION ORGANIS\u00c9S PAR UN PROFESSIONNEL DIPL\u00d4M\u00c9  &nbsp;","og_url":"https:\/\/mc-coach-sportif-bordeaux.fr\/index.php\/produit\/programme-prise-de-masse-femme\/","og_site_name":"MC Coach Sportif","article_modified_time":"2025-12-16T01:51:02+00:00","og_image":[{"width":500,"height":750,"url":"https:\/\/mc-coach-sportif-bordeaux.fr\/wp-content\/uploads\/2023\/05\/DSC09226.webp","type":"image\/webp"}],"twitter_card":"summary_large_image","twitter_misc":{"Dur\u00e9e de lecture estim\u00e9e":"2 minutes"},"schema":{"@context":"https:\/\/schema.org","@graph":[{"@type":"WebPage","@id":"https:\/\/mc-coach-sportif-bordeaux.fr\/index.php\/produit\/programme-prise-de-masse-femme\/","url":"https:\/\/mc-coach-sportif-bordeaux.fr\/index.php\/produit\/programme-prise-de-masse-femme\/","name":"Programme prise de masse femme - MC Coach Sportif","isPartOf":{"@id":"https:\/\/mc-coach-sportif-bordeaux.fr\/#website"},"primaryImageOfPage":{"@id":"https:\/\/mc-coach-sportif-bordeaux.fr\/index.php\/produit\/programme-prise-de-masse-femme\/#primaryimage"},"image":{"@id":"https:\/\/mc-coach-sportif-bordeaux.fr\/index.php\/produit\/programme-prise-de-masse-femme\/#primaryimage"},"thumbnailUrl":"https:\/\/mc-coach-sportif-bordeaux.fr\/wp-content\/uploads\/2023\/05\/DSC09226.webp","datePublished":"2023-06-27T14:59:46+00:00","dateModified":"2025-12-16T01:51:02+00:00","breadcrumb":{"@id":"https:\/\/mc-coach-sportif-bordeaux.fr\/index.php\/produit\/programme-prise-de-masse-femme\/#breadcrumb"},"inLanguage":"fr-FR","potentialAction":[{"@type":"ReadAction","target":["https:\/\/mc-coach-sportif-bordeaux.fr\/index.php\/produit\/programme-prise-de-masse-femme\/"]}]},{"@type":"ImageObject","inLanguage":"fr-FR","@id":"https:\/\/mc-coach-sportif-bordeaux.fr\/index.php\/produit\/programme-prise-de-masse-femme\/#primaryimage","url":"https:\/\/mc-coach-sportif-bordeaux.fr\/wp-content\/uploads\/2023\/05\/DSC09226.webp","contentUrl":"https:\/\/mc-coach-sportif-bordeaux.fr\/wp-content\/uploads\/2023\/05\/DSC09226.webp","width":500,"height":750},{"@type":"BreadcrumbList","@id":"https:\/\/mc-coach-sportif-bordeaux.fr\/index.php\/produit\/programme-prise-de-masse-femme\/#breadcrumb","itemListElement":[{"@type":"ListItem","position":1,"name":"Accueil","item":"https:\/\/mc-coach-sportif-bordeaux.fr\/"},{"@type":"ListItem","position":2,"name":"Produits","item":"https:\/\/mc-coach-sportif-bordeaux.fr\/index.php\/shop\/"},{"@type":"ListItem","position":3,"name":"Programme prise de masse femme"}]},{"@type":"WebSite","@id":"https:\/\/mc-coach-sportif-bordeaux.fr\/#website","url":"https:\/\/mc-coach-sportif-bordeaux.fr\/","name":"MC Coach Sportif","description":"","publisher":{"@id":"https:\/\/mc-coach-sportif-bordeaux.fr\/#organization"},"potentialAction":[{"@type":"SearchAction","target":{"@type":"EntryPoint","urlTemplate":"https:\/\/mc-coach-sportif-bordeaux.fr\/?s={search_term_string}"},"query-input":"required name=search_term_string"}],"inLanguage":"fr-FR"},{"@type":"Organization","@id":"https:\/\/mc-coach-sportif-bordeaux.fr\/#organization","name":"MC Coach Sportif","url":"https:\/\/mc-coach-sportif-bordeaux.fr\/","logo":{"@type":"ImageObject","inLanguage":"fr-FR","@id":"https:\/\/mc-coach-sportif-bordeaux.fr\/#\/schema\/logo\/image\/","url":"https:\/\/mc-coach-sportif-bordeaux.fr\/wp-content\/uploads\/2023\/06\/LOGO-1.svg","contentUrl":"https:\/\/mc-coach-sportif-bordeaux.fr\/wp-content\/uploads\/2023\/06\/LOGO-1.svg","width":368,"height":124,"caption":"MC Coach Sportif"},"image":{"@id":"https:\/\/mc-coach-sportif-bordeaux.fr\/#\/schema\/logo\/image\/"}}]}},"_links":{"self":[{"href":"https:\/\/mc-coach-sportif-bordeaux.fr\/index.php\/wp-json\/wp\/v2\/product\/101","targetHints":{"allow":["GET"]}}],"collection":[{"href":"https:\/\/mc-coach-sportif-bordeaux.fr\/index.php\/wp-json\/wp\/v2\/product"}],"about":[{"href":"https:\/\/mc-coach-sportif-bordeaux.fr\/index.php\/wp-json\/wp\/v2\/types\/product"}],"replies":[{"embeddable":true,"href":"https:\/\/mc-coach-sportif-bordeaux.fr\/index.php\/wp-json\/wp\/v2\/comments?post=101"}],"version-history":[{"count":5,"href":"https:\/\/mc-coach-sportif-bordeaux.fr\/index.php\/wp-json\/wp\/v2\/product\/101\/revisions"}],"predecessor-version":[{"id":732,"href":"https:\/\/mc-coach-sportif-bordeaux.fr\/index.php\/wp-json\/wp\/v2\/product\/101\/revisions\/732"}],"wp:featuredmedia":[{"embeddable":true,"href":"https:\/\/mc-coach-sportif-bordeaux.fr\/index.php\/wp-json\/wp\/v2\/media\/97"}],"wp:attachment":[{"href":"https:\/\/mc-coach-sportif-bordeaux.fr\/index.php\/wp-json\/wp\/v2\/media?parent=101"}],"wp:term":[{"taxonomy":"product_cat","embeddable":true,"href":"https:\/\/mc-coach-sportif-bordeaux.fr\/index.php\/wp-json\/wp\/v2\/product_cat?post=101"},{"taxonomy":"product_tag","embeddable":true,"href":"https:\/\/mc-coach-sportif-bordeaux.fr\/index.php\/wp-json\/wp\/v2\/product_tag?post=101"}],"curies":[{"name":"wp","href":"https:\/\/api.w.org\/{rel}","templated":true}]}}